{"id":1318,"date":"2021-02-15T19:28:47","date_gmt":"2021-02-15T19:28:47","guid":{"rendered":"https:\/\/pem.facmed.unam.mx\/?page_id=1318"},"modified":"2021-02-16T15:54:08","modified_gmt":"2021-02-16T15:54:08","slug":"corpsonante-alethia-alfonso","status":"publish","type":"page","link":"https:\/\/pem.facmed.unam.mx\/index.php\/corpsonante-alethia-alfonso\/","title":{"rendered":"Corpsonante | Alethia Alfonso"},"content":{"rendered":"<p>[et_pb_section fb_built=\u00bb1&#8243; fullwidth=\u00bbon\u00bb _builder_version=\u00bb4.5.3&#8243; _module_preset=\u00bbdefault\u00bb][et_pb_fullwidth_header _builder_version=\u00bb4.5.3&#8243; _module_preset=\u00bbdefault\u00bb background_color=\u00bb#ffffff\u00bb background_image=\u00bbhttps:\/\/pem.facmed.unam.mx\/wp-content\/uploads\/2021\/02\/seccion_corpsonante.jpg\u00bb custom_margin=\u00bb-49px||||false|false\u00bb]<\/p>\n<h1><strong>Corpsonante.<\/strong> Instalaci\u00f3n sonora<\/h1>\n<p><strong>Alethia Alfonso<\/strong><\/p>\n<p>[\/et_pb_fullwidth_header][\/et_pb_section][et_pb_section fb_built=\u00bb1&#8243; _builder_version=\u00bb4.5.3&#8243; _module_preset=\u00bbdefault\u00bb custom_margin=\u00bb||||false|false\u00bb][et_pb_row column_structure=\u00bb1_2,1_2&#8243; _builder_version=\u00bb4.5.3&#8243; _module_preset=\u00bbdefault\u00bb][et_pb_column type=\u00bb1_2&#8243; _builder_version=\u00bb4.5.3&#8243; _module_preset=\u00bbdefault\u00bb][et_pb_text _builder_version=\u00bb4.5.3&#8243; _module_preset=\u00bbdefault\u00bb background_color=\u00bb#ffffff\u00bb]<\/p>\n<p>La enfermedad, la anomal\u00eda y la disfunci\u00f3n tienen su ac\u00fastica. Como contraparte, la normalidad se entiende m\u00e1s bien como silencio. Nuestro sentido del o\u00eddo es selectivo y los primeros sonidos que aprendemos a ignorar son los de nuestro propio cuerpo, ya que escucharlo durante 24 horas del d\u00eda ser\u00eda insoportable y conducir\u00eda a la locura.<\/p>\n<p><strong>Corpsonant<\/strong>e trae a un primer plano eso que normalmente es soslayado. En palabras de la autora: La instalaci\u00f3n funge m\u00e1s como est\u00edmulo que como pieza acabada. La pieza no se acaba, porque es un virus que debe contaminar a la audiencia para cumplir su cometido: evitar la censura diaria que los humanos cometen contra sus propios cuerpos, pulsiones, deseos, repulsiones, sonidos.<\/p>\n<p>Abril-junio 2016<\/p>\n<p>[\/et_pb_text][\/et_pb_column][et_pb_column type=\u00bb1_2&#8243; _builder_version=\u00bb4.5.3&#8243; _module_preset=\u00bbdefault\u00bb][et_pb_image src=\u00bbhttps:\/\/pem.facmed.unam.mx\/wp-content\/uploads\/2021\/02\/03.png\u00bb title_text=\u00bb03&#8243; _builder_version=\u00bb4.5.3&#8243; _module_preset=\u00bbdefault\u00bb background_color=\u00bb#ffffff\u00bb][\/et_pb_image][\/et_pb_column][\/et_pb_row][et_pb_row _builder_version=\u00bb4.5.3&#8243; _module_preset=\u00bbdefault\u00bb][et_pb_column type=\u00bb4_4&#8243; _builder_version=\u00bb4.5.3&#8243; _module_preset=\u00bbdefault\u00bb][et_pb_gallery gallery_ids=\u00bb1362,1361&#8243; posts_number=\u00bb2&#8243; orientation=\u00bbportrait\u00bb show_title_and_caption=\u00bboff\u00bb show_pagination=\u00bboff\u00bb zoom_icon_color=\u00bb#ffffff\u00bb hover_overlay_color=\u00bb#515191&#8243; _builder_version=\u00bb4.5.3&#8243; _module_preset=\u00bbdefault\u00bb background_color=\u00bb#ffffff\u00bb hover_enabled=\u00bb0&#8243;][\/et_pb_gallery][\/et_pb_column][\/et_pb_row][\/et_pb_section]<\/p>\n","protected":false},"excerpt":{"rendered":"<p>Corpsonante. Instalaci\u00f3n sonora Alethia AlfonsoLa enfermedad, la anomal\u00eda y la disfunci\u00f3n tienen su ac\u00fastica. Como contraparte, la normalidad se entiende m\u00e1s bien como silencio. Nuestro sentido del o\u00eddo es selectivo [&hellip;]<\/p>\n","protected":false},"author":2,"featured_media":0,"parent":0,"menu_order":0,"comment_status":"closed","ping_status":"closed","template":"","meta":{"_et_pb_use_builder":"on","_et_pb_old_content":"","_et_gb_content_width":"","footnotes":""},"class_list":["post-1318","page","type-page","status-publish","hentry"],"_links":{"self":[{"href":"https:\/\/pem.facmed.unam.mx\/index.php\/wp-json\/wp\/v2\/pages\/1318","targetHints":{"allow":["GET"]}}],"collection":[{"href":"https:\/\/pem.facmed.unam.mx\/index.php\/wp-json\/wp\/v2\/pages"}],"about":[{"href":"https:\/\/pem.facmed.unam.mx\/index.php\/wp-json\/wp\/v2\/types\/page"}],"author":[{"embeddable":true,"href":"https:\/\/pem.facmed.unam.mx\/index.php\/wp-json\/wp\/v2\/users\/2"}],"replies":[{"embeddable":true,"href":"https:\/\/pem.facmed.unam.mx\/index.php\/wp-json\/wp\/v2\/comments?post=1318"}],"version-history":[{"count":13,"href":"https:\/\/pem.facmed.unam.mx\/index.php\/wp-json\/wp\/v2\/pages\/1318\/revisions"}],"predecessor-version":[{"id":1470,"href":"https:\/\/pem.facmed.unam.mx\/index.php\/wp-json\/wp\/v2\/pages\/1318\/revisions\/1470"}],"wp:attachment":[{"href":"https:\/\/pem.facmed.unam.mx\/index.php\/wp-json\/wp\/v2\/media?parent=1318"}],"curies":[{"name":"wp","href":"https:\/\/api.w.org\/{rel}","templated":true}]}}