{"id":1442,"date":"2021-02-16T15:05:17","date_gmt":"2021-02-16T15:05:17","guid":{"rendered":"https:\/\/pem.facmed.unam.mx\/?page_id=1442"},"modified":"2021-02-16T15:05:20","modified_gmt":"2021-02-16T15:05:20","slug":"guerrero-ferrer","status":"publish","type":"page","link":"https:\/\/pem.facmed.unam.mx\/index.php\/guerrero-ferrer\/","title":{"rendered":"Guerrero &#038; Ferrer"},"content":{"rendered":"<p>[et_pb_section fb_built=\u00bb1&#8243; fullwidth=\u00bbon\u00bb _builder_version=\u00bb4.5.3&#8243; _module_preset=\u00bbdefault\u00bb][et_pb_fullwidth_header _builder_version=\u00bb4.5.3&#8243; _module_preset=\u00bbdefault\u00bb background_color=\u00bb#ffffff\u00bb background_image=\u00bbhttps:\/\/pem.facmed.unam.mx\/wp-content\/uploads\/2021\/02\/seccion_guerreroferrer.jpg\u00bb custom_margin=\u00bb-49px||||false|false\u00bb]<\/p>\n<h1><strong>Guerrero &amp; Ferrer<\/strong><\/h1>\n<p><strong>Iluminaci\u00f3n \/ Obra fotogr\u00e1fica<\/strong><\/p>\n<p>[\/et_pb_fullwidth_header][\/et_pb_section][et_pb_section fb_built=\u00bb1&#8243; _builder_version=\u00bb4.5.3&#8243; _module_preset=\u00bbdefault\u00bb][et_pb_row column_structure=\u00bb1_2,1_2&#8243; _builder_version=\u00bb4.5.3&#8243; _module_preset=\u00bbdefault\u00bb][et_pb_column type=\u00bb1_2&#8243; _builder_version=\u00bb4.5.3&#8243; _module_preset=\u00bbdefault\u00bb][et_pb_text _builder_version=\u00bb4.5.3&#8243; _module_preset=\u00bbdefault\u00bb background_color=\u00bb#ffffff\u00bb]<\/p>\n<p>Es una instalaci\u00f3n art\u00edstica o site specific, concebida como una sola pieza y creada para rendir homenaje a la ciencia, al poder de la raz\u00f3n y de la Ilustraci\u00f3n. El colectivo Guerrero&amp;Ferrer busca atraer al espectador por medio de la luz y las composiciones din\u00e1micas que invitan a recorrer visualmente su obra.<\/p>\n<p>[\/et_pb_text][\/et_pb_column][et_pb_column type=\u00bb1_2&#8243; _builder_version=\u00bb4.5.3&#8243; _module_preset=\u00bbdefault\u00bb][et_pb_image src=\u00bbhttps:\/\/pem.facmed.unam.mx\/wp-content\/uploads\/2021\/02\/guerreroferrer.jpg\u00bb title_text=\u00bbGuerrero &#038; Ferrer\u00bb _builder_version=\u00bb4.5.3&#8243; _module_preset=\u00bbdefault\u00bb background_color=\u00bb#ffffff\u00bb][\/et_pb_image][\/et_pb_column][\/et_pb_row][et_pb_row _builder_version=\u00bb4.5.3&#8243; _module_preset=\u00bbdefault\u00bb][et_pb_column type=\u00bb4_4&#8243; _builder_version=\u00bb4.5.3&#8243; _module_preset=\u00bbdefault\u00bb][et_pb_gallery gallery_ids=\u00bb1439,1438,1437,1436&#8243; fullwidth=\u00bbon\u00bb _builder_version=\u00bb4.5.3&#8243; _module_preset=\u00bbdefault\u00bb background_color=\u00bb#ffffff\u00bb animation_style=\u00bbroll\u00bb][\/et_pb_gallery][\/et_pb_column][\/et_pb_row][\/et_pb_section]<\/p>\n","protected":false},"excerpt":{"rendered":"<p>Guerrero &amp; Ferrer Iluminaci\u00f3n \/ Obra fotogr\u00e1ficaEs una instalaci\u00f3n art\u00edstica o site specific, concebida como una sola pieza y creada para rendir homenaje a la ciencia, al poder de la [&hellip;]<\/p>\n","protected":false},"author":2,"featured_media":0,"parent":0,"menu_order":0,"comment_status":"closed","ping_status":"closed","template":"","meta":{"_et_pb_use_builder":"on","_et_pb_old_content":"","_et_gb_content_width":"","footnotes":""},"class_list":["post-1442","page","type-page","status-publish","hentry"],"_links":{"self":[{"href":"https:\/\/pem.facmed.unam.mx\/index.php\/wp-json\/wp\/v2\/pages\/1442","targetHints":{"allow":["GET"]}}],"collection":[{"href":"https:\/\/pem.facmed.unam.mx\/index.php\/wp-json\/wp\/v2\/pages"}],"about":[{"href":"https:\/\/pem.facmed.unam.mx\/index.php\/wp-json\/wp\/v2\/types\/page"}],"author":[{"embeddable":true,"href":"https:\/\/pem.facmed.unam.mx\/index.php\/wp-json\/wp\/v2\/users\/2"}],"replies":[{"embeddable":true,"href":"https:\/\/pem.facmed.unam.mx\/index.php\/wp-json\/wp\/v2\/comments?post=1442"}],"version-history":[{"count":5,"href":"https:\/\/pem.facmed.unam.mx\/index.php\/wp-json\/wp\/v2\/pages\/1442\/revisions"}],"predecessor-version":[{"id":1450,"href":"https:\/\/pem.facmed.unam.mx\/index.php\/wp-json\/wp\/v2\/pages\/1442\/revisions\/1450"}],"wp:attachment":[{"href":"https:\/\/pem.facmed.unam.mx\/index.php\/wp-json\/wp\/v2\/media?parent=1442"}],"curies":[{"name":"wp","href":"https:\/\/api.w.org\/{rel}","templated":true}]}}