{"id":1473,"date":"2021-02-16T16:14:51","date_gmt":"2021-02-16T16:14:51","guid":{"rendered":"https:\/\/pem.facmed.unam.mx\/?page_id=1473"},"modified":"2021-02-16T16:18:28","modified_gmt":"2021-02-16T16:18:28","slug":"nour-kuri-procesiones","status":"publish","type":"page","link":"https:\/\/pem.facmed.unam.mx\/index.php\/nour-kuri-procesiones\/","title":{"rendered":"Nour Kuri | Procesiones"},"content":{"rendered":"<p>[et_pb_section fb_built=\u00bb1&#8243; fullwidth=\u00bbon\u00bb _builder_version=\u00bb4.5.3&#8243; _module_preset=\u00bbdefault\u00bb][et_pb_fullwidth_header _builder_version=\u00bb4.5.3&#8243; _module_preset=\u00bbdefault\u00bb background_color=\u00bb#ffffff\u00bb background_image=\u00bbhttps:\/\/pem.facmed.unam.mx\/wp-content\/uploads\/2021\/02\/seccion_nourkuri.jpg\u00bb custom_margin=\u00bb-49px||||false|false\u00bb]<\/p>\n<h1><strong>Nour Kuri | Procesiones<\/strong><\/h1>\n<p><strong>Escultura<\/strong><\/p>\n<p>[\/et_pb_fullwidth_header][\/et_pb_section][et_pb_section fb_built=\u00bb1&#8243; _builder_version=\u00bb4.5.3&#8243; _module_preset=\u00bbdefault\u00bb][et_pb_row column_structure=\u00bb1_2,1_2&#8243; _builder_version=\u00bb4.5.3&#8243; _module_preset=\u00bbdefault\u00bb][et_pb_column type=\u00bb1_2&#8243; _builder_version=\u00bb4.5.3&#8243; _module_preset=\u00bbdefault\u00bb][et_pb_text _builder_version=\u00bb4.5.3&#8243; _module_preset=\u00bbdefault\u00bb background_color=\u00bb#ffffff\u00bb]<\/p>\n<p>La exposici\u00f3n de Nour Kuri titulada Procesiones se exhibi\u00f3 en el Palacio de la Escuela de Medicina y posteriormente en el Museo del T\u00fanel de la Ciencia, ubicado en la estaci\u00f3n de metro La Raza. Junto con dos exposiciones m\u00e1s, form\u00f3 parte del proyecto de Exposiciones Extramuros del Palacio.<\/p>\n<p>Al ser consciente de la cantidad de personas que transitan ese espacio d\u00eda a d\u00eda, la artista present\u00f3 esculturas antropomorfas en bronce, \u00f3nix y m\u00e1rmol de formas estilizadas, inspiradas en el cuerpo humana, que por el material y la t\u00e9cnica entran en un juego entre la figuraci\u00f3n y la amorf\u00eda.<\/p>\n<p>[\/et_pb_text][\/et_pb_column][et_pb_column type=\u00bb1_2&#8243; _builder_version=\u00bb4.5.3&#8243; _module_preset=\u00bbdefault\u00bb][et_pb_image src=\u00bbhttps:\/\/pem.facmed.unam.mx\/wp-content\/uploads\/2021\/02\/nourkuri-scaled.jpg\u00bb title_text=\u00bbnour kuri\u00bb _builder_version=\u00bb4.5.3&#8243; _module_preset=\u00bbdefault\u00bb background_color=\u00bb#ffffff\u00bb][\/et_pb_image][\/et_pb_column][\/et_pb_row][et_pb_row _builder_version=\u00bb4.5.3&#8243; _module_preset=\u00bbdefault\u00bb][et_pb_column type=\u00bb4_4&#8243; _builder_version=\u00bb4.5.3&#8243; _module_preset=\u00bbdefault\u00bb][et_pb_gallery gallery_ids=\u00bb1481,1480,1479,1478&#8243; gallery_orderby=\u00bbrand\u00bb orientation=\u00bbportrait\u00bb show_title_and_caption=\u00bboff\u00bb show_pagination=\u00bboff\u00bb zoom_icon_color=\u00bb#ffffff\u00bb hover_overlay_color=\u00bb#515191&#8243; hover_icon=\u00bb%%186%%\u00bb _builder_version=\u00bb4.5.3&#8243; _module_preset=\u00bbdefault\u00bb background_color=\u00bb#ffffff\u00bb][\/et_pb_gallery][\/et_pb_column][\/et_pb_row][\/et_pb_section]<\/p>\n","protected":false},"excerpt":{"rendered":"<p>Nour Kuri | Procesiones EsculturaLa exposici\u00f3n de Nour Kuri titulada Procesiones se exhibi\u00f3 en el Palacio de la Escuela de Medicina y posteriormente en el Museo del T\u00fanel de la [&hellip;]<\/p>\n","protected":false},"author":2,"featured_media":0,"parent":0,"menu_order":0,"comment_status":"closed","ping_status":"closed","template":"","meta":{"_et_pb_use_builder":"on","_et_pb_old_content":"","_et_gb_content_width":"","footnotes":""},"class_list":["post-1473","page","type-page","status-publish","hentry"],"_links":{"self":[{"href":"https:\/\/pem.facmed.unam.mx\/index.php\/wp-json\/wp\/v2\/pages\/1473","targetHints":{"allow":["GET"]}}],"collection":[{"href":"https:\/\/pem.facmed.unam.mx\/index.php\/wp-json\/wp\/v2\/pages"}],"about":[{"href":"https:\/\/pem.facmed.unam.mx\/index.php\/wp-json\/wp\/v2\/types\/page"}],"author":[{"embeddable":true,"href":"https:\/\/pem.facmed.unam.mx\/index.php\/wp-json\/wp\/v2\/users\/2"}],"replies":[{"embeddable":true,"href":"https:\/\/pem.facmed.unam.mx\/index.php\/wp-json\/wp\/v2\/comments?post=1473"}],"version-history":[{"count":5,"href":"https:\/\/pem.facmed.unam.mx\/index.php\/wp-json\/wp\/v2\/pages\/1473\/revisions"}],"predecessor-version":[{"id":1488,"href":"https:\/\/pem.facmed.unam.mx\/index.php\/wp-json\/wp\/v2\/pages\/1473\/revisions\/1488"}],"wp:attachment":[{"href":"https:\/\/pem.facmed.unam.mx\/index.php\/wp-json\/wp\/v2\/media?parent=1473"}],"curies":[{"name":"wp","href":"https:\/\/api.w.org\/{rel}","templated":true}]}}