{"id":44,"date":"2021-02-16T04:53:24","date_gmt":"2021-02-16T04:53:24","guid":{"rendered":"http:\/\/liceaga.facmed.unam.mx\/deptos\/pem\/?page_id=44"},"modified":"2025-06-04T10:25:47","modified_gmt":"2025-06-04T16:25:47","slug":"calatayud-piel","status":"publish","type":"page","link":"https:\/\/pem.facmed.unam.mx\/index.php\/calatayud-piel\/","title":{"rendered":"Adriana Calatayud | De la piel a los huesos"},"content":{"rendered":"<p>[et_pb_section fb_built=\u00bb1&#8243; fullwidth=\u00bbon\u00bb _builder_version=\u00bb4.16&#8243; _module_preset=\u00bbdefault\u00bb global_colors_info=\u00bb{}\u00bb][et_pb_fullwidth_header _builder_version=\u00bb4.16&#8243; _module_preset=\u00bbdefault\u00bb background_color=\u00bb#ffffff\u00bb background_image=\u00bbhttps:\/\/pem.facmed.unam.mx\/wp-content\/uploads\/2021\/02\/seccion_calatayud.jpg\u00bb custom_margin=\u00bb-49px||||false|false\u00bb global_colors_info=\u00bb{}\u00bb]<\/p>\n<h1><strong>De la piel a los huesos | Obra fotogr\u00e1fica<\/strong><\/h1>\n<p><strong>Adriana Calatayud<\/strong><\/p>\n<p>[\/et_pb_fullwidth_header][\/et_pb_section][et_pb_section fb_built=\u00bb1&#8243; _builder_version=\u00bb4.16&#8243; _module_preset=\u00bbdefault\u00bb global_colors_info=\u00bb{}\u00bb][et_pb_row column_structure=\u00bb1_2,1_2&#8243; _builder_version=\u00bb4.16&#8243; _module_preset=\u00bbdefault\u00bb custom_margin=\u00bb-20px||||false|false\u00bb custom_padding=\u00bb0px||||false|false\u00bb global_colors_info=\u00bb{}\u00bb][et_pb_column type=\u00bb1_2&#8243; _builder_version=\u00bb4.16&#8243; _module_preset=\u00bbdefault\u00bb global_colors_info=\u00bb{}\u00bb][et_pb_text _builder_version=\u00bb4.22.1&#8243; _module_preset=\u00bbdefault\u00bb background_color=\u00bb#ffffff\u00bb hover_enabled=\u00bb0&#8243; global_colors_info=\u00bb{}\u00bb sticky_enabled=\u00bb0&#8243;]<\/p>\n<p style=\"text-align: justify;\">Con la llegada del pensamiento positivista a M\u00e9xico, la ense\u00f1anza de la medicina dio un vuelco, dej\u00f3 de ser solamente te\u00f3rica e incluy\u00f3 la pr\u00e1ctica. Los estudiantes comenzaron a asistir a los hospitales y a realizar disecciones humanas como parte de su formaci\u00f3n. Sin embrago la oportunidad de contar con un cuerpo para su estudio era remota de ah\u00ed que la Escuela de Medicina, hacia 1874, adquiriera una colecci\u00f3n de modelos anat\u00f3micos como material did\u00e1ctico. Dichas esculturas realizadas mediante una estructura de hueso humano y cera policromada se encuentran actualmente en el Museo de Medicina y fueron la fuente y el motivo de la obra de Adriana Calatayud.<\/p>\n<p>[\/et_pb_text][\/et_pb_column][et_pb_column type=\u00bb1_2&#8243; _builder_version=\u00bb4.16&#8243; _module_preset=\u00bbdefault\u00bb global_colors_info=\u00bb{}\u00bb][et_pb_image src=\u00bbhttps:\/\/pem.facmed.unam.mx\/wp-content\/uploads\/2021\/02\/calatayud.jpg\u00bb title_text=\u00bbPrint\u00bb _builder_version=\u00bb4.16&#8243; _module_preset=\u00bbdefault\u00bb background_color=\u00bb#ffffff\u00bb global_colors_info=\u00bb{}\u00bb][\/et_pb_image][\/et_pb_column][\/et_pb_row][et_pb_row _builder_version=\u00bb4.16&#8243; _module_preset=\u00bbdefault\u00bb global_colors_info=\u00bb{}\u00bb][et_pb_column type=\u00bb4_4&#8243; _builder_version=\u00bb4.16&#8243; _module_preset=\u00bbdefault\u00bb global_colors_info=\u00bb{}\u00bb][et_pb_gallery gallery_ids=\u00bb1336,1349,1350,1347,1348,1345,1344,1346,1342,1343,1341,1340&#8243; posts_number=\u00bb12&#8243; orientation=\u00bbportrait\u00bb show_title_and_caption=\u00bboff\u00bb show_pagination=\u00bboff\u00bb zoom_icon_color=\u00bb#ffffff\u00bb hover_overlay_color=\u00bb#515191&#8243; _builder_version=\u00bb4.16&#8243; _module_preset=\u00bbdefault\u00bb background_color=\u00bb#ffffff\u00bb custom_margin=\u00bb0px||||false|false\u00bb global_colors_info=\u00bb{}\u00bb][\/et_pb_gallery][\/et_pb_column][\/et_pb_row][\/et_pb_section]<\/p>\n","protected":false},"excerpt":{"rendered":"<p>De la piel a los huesos | Obra fotogr\u00e1fica Adriana CalatayudCon la llegada del pensamiento positivista a M\u00e9xico, la ense\u00f1anza de la medicina dio un vuelco, dej\u00f3 de ser solamente [&hellip;]<\/p>\n","protected":false},"author":2,"featured_media":0,"parent":0,"menu_order":0,"comment_status":"closed","ping_status":"closed","template":"","meta":{"_et_pb_use_builder":"on","_et_pb_old_content":"","_et_gb_content_width":"","footnotes":""},"class_list":["post-44","page","type-page","status-publish","hentry"],"_links":{"self":[{"href":"https:\/\/pem.facmed.unam.mx\/index.php\/wp-json\/wp\/v2\/pages\/44","targetHints":{"allow":["GET"]}}],"collection":[{"href":"https:\/\/pem.facmed.unam.mx\/index.php\/wp-json\/wp\/v2\/pages"}],"about":[{"href":"https:\/\/pem.facmed.unam.mx\/index.php\/wp-json\/wp\/v2\/types\/page"}],"author":[{"embeddable":true,"href":"https:\/\/pem.facmed.unam.mx\/index.php\/wp-json\/wp\/v2\/users\/2"}],"replies":[{"embeddable":true,"href":"https:\/\/pem.facmed.unam.mx\/index.php\/wp-json\/wp\/v2\/comments?post=44"}],"version-history":[{"count":10,"href":"https:\/\/pem.facmed.unam.mx\/index.php\/wp-json\/wp\/v2\/pages\/44\/revisions"}],"predecessor-version":[{"id":3633,"href":"https:\/\/pem.facmed.unam.mx\/index.php\/wp-json\/wp\/v2\/pages\/44\/revisions\/3633"}],"wp:attachment":[{"href":"https:\/\/pem.facmed.unam.mx\/index.php\/wp-json\/wp\/v2\/media?parent=44"}],"curies":[{"name":"wp","href":"https:\/\/api.w.org\/{rel}","templated":true}]}}